{"id":3899,"date":"2023-10-24T12:24:54","date_gmt":"2023-10-24T10:24:54","guid":{"rendered":"https:\/\/ejw-oehringen.de\/wordpress\/?page_id=3899"},"modified":"2025-05-27T08:26:46","modified_gmt":"2025-05-27T06:26:46","slug":"bundesfreiwilligendienst-bfd","status":"publish","type":"page","link":"https:\/\/ejw-oehringen.de\/wordpress\/praktikum\/bundesfreiwilligendienst-bfd\/","title":{"rendered":"Bundesfreiwilligendienst (BFD)"},"content":{"rendered":"\n<figure class=\"wp-block-gallery has-nested-images columns-default is-cropped wp-block-gallery-1 is-layout-flex wp-block-gallery-is-layout-flex\">\n<figure class=\"wp-block-image size-large\"><a href=\"https:\/\/ejw-oehringen.de\/wordpress\/wp-content\/uploads\/2025\/05\/Flyer-2-1.jpg\"><img loading=\"lazy\" decoding=\"async\" width=\"576\" height=\"1024\" data-id=\"4492\" src=\"https:\/\/ejw-oehringen.de\/wordpress\/wp-content\/uploads\/2025\/05\/Flyer-2-1-576x1024.jpg\" alt=\"\" class=\"wp-image-4492\" srcset=\"https:\/\/ejw-oehringen.de\/wordpress\/wp-content\/uploads\/2025\/05\/Flyer-2-1-576x1024.jpg 576w, https:\/\/ejw-oehringen.de\/wordpress\/wp-content\/uploads\/2025\/05\/Flyer-2-1-169x300.jpg 169w, https:\/\/ejw-oehringen.de\/wordpress\/wp-content\/uploads\/2025\/05\/Flyer-2-1-768x1365.jpg 768w, https:\/\/ejw-oehringen.de\/wordpress\/wp-content\/uploads\/2025\/05\/Flyer-2-1-864x1536.jpg 864w, https:\/\/ejw-oehringen.de\/wordpress\/wp-content\/uploads\/2025\/05\/Flyer-2-1-84x150.jpg 84w, https:\/\/ejw-oehringen.de\/wordpress\/wp-content\/uploads\/2025\/05\/Flyer-2-1.jpg 1080w\" sizes=\"auto, (max-width: 576px) 100vw, 576px\" \/><\/a><\/figure>\n<\/figure>\n\n\n\n<p><\/p>\n\n\n<p>&nbsp;<\/p>\n<p>Du m\u00f6chtest dich ein Jahr lang sozial engagieren? <br>Du m\u00f6chtest nach der Schulzeit eine Pause vom Lernen und praktische Dinge tun? <br>Du wei\u00dft noch nicht, wie es nach der Schule f\u00fcr dich weitergeht? Dann ist ein BFD bei uns im Jugendwerk genau das Richtige f\u00fcr DICH!<\/p>\n<p>Bei uns kannst du dich in den verschiedenen Bereichen in der Arbeit mit Kindern und Jugendlichen ausprobieren. Dazu geh\u00f6ren Freizeiten wie Zeltlager oder Bauernhoffreizeit, Projekte wie Food Truck Eins\u00e4tze oder der Kinderweihnachtsmarkt, Jugendgottesdienste und vieles mehr.<\/p>\n<p>Bei uns gibt es auch Platz f\u00fcr eigene Ideen und Projekte.<\/p>\n<p>Ein BFD bei uns dauert in der Regel 12 Monate. Es w\u00e4re sch\u00f6n, wenn (gute) EDV-Kenntnisse und ein F\u00fchrerschein Klasse B vorhanden w\u00e4ren.<\/p>\n<p>Bei Bedarf kann eine Unterkunft f\u00fcr die Zeit des BFD gestellt werden.<\/p>\n<p>Allgemeine Informationen zum BFD gibt es unter: <a href=\"http:\/\/www.bundesfreiwilligendienst.de\">www.bundesfreiwilligendienst.de<\/a><\/p>\n<p>Wir freuen uns auf deine Bewerbung an <a href=\"mailto:info@ejw-oehringen.de\">info@ejw-oehringen.de<\/a><\/p>","protected":false},"excerpt":{"rendered":"<p>&nbsp; Du m\u00f6chtest dich ein Jahr lang sozial engagieren? Du m\u00f6chtest nach der Schulzeit eine Pause vom Lernen und praktische Dinge tun? Du wei\u00dft noch nicht, wie es nach der Schule f\u00fcr dich weitergeht? Dann ist ein BFD bei uns im Jugendwerk genau das Richtige f\u00fcr DICH! Bei uns kannst\u2026 <a class=\"continue-reading-link\" href=\"https:\/\/ejw-oehringen.de\/wordpress\/praktikum\/bundesfreiwilligendienst-bfd\/\">Continue reading<\/a><\/p>\n","protected":false},"author":1,"featured_media":0,"parent":44,"menu_order":0,"comment_status":"closed","ping_status":"closed","template":"","meta":{"ngg_post_thumbnail":0,"footnotes":""},"class_list":["post-3899","page","type-page","status-publish","hentry"],"_links":{"self":[{"href":"https:\/\/ejw-oehringen.de\/wordpress\/wp-json\/wp\/v2\/pages\/3899","targetHints":{"allow":["GET"]}}],"collection":[{"href":"https:\/\/ejw-oehringen.de\/wordpress\/wp-json\/wp\/v2\/pages"}],"about":[{"href":"https:\/\/ejw-oehringen.de\/wordpress\/wp-json\/wp\/v2\/types\/page"}],"author":[{"embeddable":true,"href":"https:\/\/ejw-oehringen.de\/wordpress\/wp-json\/wp\/v2\/users\/1"}],"replies":[{"embeddable":true,"href":"https:\/\/ejw-oehringen.de\/wordpress\/wp-json\/wp\/v2\/comments?post=3899"}],"version-history":[{"count":6,"href":"https:\/\/ejw-oehringen.de\/wordpress\/wp-json\/wp\/v2\/pages\/3899\/revisions"}],"predecessor-version":[{"id":4494,"href":"https:\/\/ejw-oehringen.de\/wordpress\/wp-json\/wp\/v2\/pages\/3899\/revisions\/4494"}],"up":[{"embeddable":true,"href":"https:\/\/ejw-oehringen.de\/wordpress\/wp-json\/wp\/v2\/pages\/44"}],"wp:attachment":[{"href":"https:\/\/ejw-oehringen.de\/wordpress\/wp-json\/wp\/v2\/media?parent=3899"}],"curies":[{"name":"wp","href":"https:\/\/api.w.org\/{rel}","templated":true}]}}