{"id":38,"date":"2014-08-11T11:28:16","date_gmt":"2014-08-11T09:28:16","guid":{"rendered":"http:\/\/www.ejw-oehringen.de\/wordpress\/?page_id=38"},"modified":"2018-09-16T13:29:41","modified_gmt":"2018-09-16T11:29:41","slug":"konzerte","status":"publish","type":"page","link":"https:\/\/ejw-oehringen.de\/wordpress\/arbeitsbereiche\/konzerte\/","title":{"rendered":"Konzerte"},"content":{"rendered":"<p><span class=\"bodyText\">Im Laufe des Jahres finden im Kirchenbezirk Konzerte statt, die vom \u00d6hringer Jugendwerk unterst\u00fctzt und gef\u00f6rdert werden, so zum Beispiel:<\/span><\/p>\n\n<table id=\"tablepress-16\" class=\"tablepress tablepress-id-16\">\n<tbody class=\"row-striping row-hover\">\n<tr class=\"row-1\">\n\t<td class=\"column-1\"><h4>ChurchNight in Neuenstein<\/h4><br \/>\n<br \/>\n<a target=\"_blank\" href=\"https:\/\/www.churchnight-neuenstein.de\" rel=\"noopener\">www.churchnight-neuenstein.de<\/a><\/td><td class=\"column-2\">30.10.2021 mit Social Beingz und Mr. Joy <br \/>\n24.10.2020 OpenAir Special<br \/>\n26.10.2019 mit Normal ist Anders<br \/>\n27.10.2018 mit Judy Bailey<br \/>\n28.10.2017 mit Twelve 24, Jo Mayr<br \/>\n29.10.2016 mit Normal ist anders, DJ Faith<br \/>\n31.10.2015 mit Good weather forecast, Missing Peace, Jo Mayr<br \/>\n25.10.2014 mit Staryend, Missing Peace<br \/>\n26.10.2013 mit Warum Lila, Missing Peace<br \/>\n26.10.2012 mit Good Weather Forecast<br \/>\n30.10.2011 mit The Letter Black<br \/>\n31.10.2010 mit Everyday Sunday<br \/>\n24.10.2009 mit Mischa Marin<br \/>\n31.10.2008 mit Danny Fresh<br \/>\n02.11.2007 mit D:Projekt<\/td>\n<\/tr>\n<tr class=\"row-2\">\n\t<td class=\"column-1\"><h4>imp - international music point<\/h4><br \/>\n<br \/>\n<a href=\"https:\/\/www.ejw-oehringen.de\/wordpress\/wp-content\/uploads\/2014\/10\/imp.jpg\"><img decoding=\"async\" src=\"https:\/\/www.ejw-oehringen.de\/wordpress\/wp-content\/uploads\/2014\/10\/imp.jpg\" alt=\"\" width=\"300\" class=\"alignnone size-medium wp-image-422\"\/><\/a><br \/>\n<\/td><td class=\"column-2\">International Music Point - Vioces of the World<br \/>\nDas ist interkulturelles H\u00f6ren und Sehen, Singen und Tanzen. Lieder und T\u00e4nze bewegen Menschen aus unterschiedlichen Herkunftsl\u00e4ndern und Landschaften. \u00d6hringen und Hohenlohe ist vielsprachig und reich an unterschiedlichen Kulturen. Dieser Reichtum kommt auf die B\u00fchne und m\u00f6chte die Herzen aller \u00d6hringer erreichen. S\u00e4ngerinnen und S\u00e4nger, T\u00e4nzerinnen und T\u00e4nzer aus \u00d6hringen und Umgebung laden dazu ein. <br \/>\n<br \/>\nDer Eintritt ist frei.<\/td>\n<\/tr>\n<tr class=\"row-3\">\n\t<td class=\"column-1\"><h4>Brass in the Ruins -<br \/>\nRock in the Ruins-<br \/>\nPraise in the Ruins in Forchtenberg<\/h4><br \/>\n<br \/>\n<a target=\"_blank\" href=\"https:\/\/www.brass-in-the-ruins.de\" rel=\"noopener\">www.brass-in-the-ruins.de<\/a><\/td><td class=\"column-2\">13.07.2019 Brass in the Ruins<br \/>\n16.07.2016 Brass in the Ruins<br \/>\n11.07.2015 Brass in the Ruins<br \/>\n12.07.2014 Brass in the Ruins<br \/>\n13.07.2013 Konzert in Forchtenberg<br \/>\n14.07.2012 Brass in the Ruins<br \/>\n16.07.2011 Brass in the Ruins<br \/>\n23.-25.07.2010 Rock in the Ruins mit Family Force 5, Brass in the Ruins, Praise in the Ruins<br \/>\n18.-20.07.2008 Rock in the Ruins 10 Jaehriges Jubilaeum<\/td>\n<\/tr>\n<\/tbody>\n<\/table>\n<!-- #tablepress-16 from cache -->\n","protected":false},"excerpt":{"rendered":"<p>Im Laufe des Jahres finden im Kirchenbezirk Konzerte statt, die vom \u00d6hringer Jugendwerk unterst\u00fctzt und gef\u00f6rdert werden, so zum Beispiel: <a class=\"continue-reading-link\" href=\"https:\/\/ejw-oehringen.de\/wordpress\/arbeitsbereiche\/konzerte\/\">Continue reading<\/a><\/p>\n","protected":false},"author":1,"featured_media":0,"parent":24,"menu_order":7,"comment_status":"closed","ping_status":"closed","template":"","meta":{"ngg_post_thumbnail":0,"footnotes":""},"class_list":["post-38","page","type-page","status-publish","hentry"],"_links":{"self":[{"href":"https:\/\/ejw-oehringen.de\/wordpress\/wp-json\/wp\/v2\/pages\/38","targetHints":{"allow":["GET"]}}],"collection":[{"href":"https:\/\/ejw-oehringen.de\/wordpress\/wp-json\/wp\/v2\/pages"}],"about":[{"href":"https:\/\/ejw-oehringen.de\/wordpress\/wp-json\/wp\/v2\/types\/page"}],"author":[{"embeddable":true,"href":"https:\/\/ejw-oehringen.de\/wordpress\/wp-json\/wp\/v2\/users\/1"}],"replies":[{"embeddable":true,"href":"https:\/\/ejw-oehringen.de\/wordpress\/wp-json\/wp\/v2\/comments?post=38"}],"version-history":[{"count":8,"href":"https:\/\/ejw-oehringen.de\/wordpress\/wp-json\/wp\/v2\/pages\/38\/revisions"}],"predecessor-version":[{"id":1332,"href":"https:\/\/ejw-oehringen.de\/wordpress\/wp-json\/wp\/v2\/pages\/38\/revisions\/1332"}],"up":[{"embeddable":true,"href":"https:\/\/ejw-oehringen.de\/wordpress\/wp-json\/wp\/v2\/pages\/24"}],"wp:attachment":[{"href":"https:\/\/ejw-oehringen.de\/wordpress\/wp-json\/wp\/v2\/media?parent=38"}],"curies":[{"name":"wp","href":"https:\/\/api.w.org\/{rel}","templated":true}]}}