{"id":36,"date":"2014-08-11T11:27:40","date_gmt":"2014-08-11T09:27:40","guid":{"rendered":"http:\/\/www.ejw-oehringen.de\/wordpress\/?page_id=36"},"modified":"2026-02-14T11:03:34","modified_gmt":"2026-02-14T10:03:34","slug":"freizeiten","status":"publish","type":"page","link":"https:\/\/ejw-oehringen.de\/wordpress\/arbeitsbereiche\/freizeiten\/","title":{"rendered":"Freizeiten"},"content":{"rendered":"<p><span class=\"sidebarHeader\"><span class=\"sidebarHeader\">Die Evangelischen Jugendwerke Bezirk \u00d6hringen und Bezirk K\u00fcnzelsau bieten zusammen Sommer- und Winterfreizeiten an.<\/span><\/span><\/p>\n<p>Auch im kommenden Jahr sind wieder tolle Freizeiten geplant!&nbsp;<\/p>\n<h3><span style=\"color: #800080;\">Wir w\u00fcnschen allen Winterfreizeiten einen wunderbaren Start sowie eine sch\u00f6ne und gesegnete Woche. Habt ganz viel Freude und eine sch\u00f6ne Zeit!<\/span><\/h3>\n\n\n<figure class=\"wp-block-gallery has-nested-images columns-default is-cropped wp-block-gallery-1 is-layout-flex wp-block-gallery-is-layout-flex\">\n<figure class=\"wp-block-image size-large\"><a href=\"https:\/\/ejw-oehringen.de\/wordpress\/wp-content\/uploads\/2025\/10\/postkarte-Winter-26_1-5.jpg\"><img loading=\"lazy\" decoding=\"async\" width=\"1024\" height=\"727\" data-id=\"4580\" src=\"https:\/\/ejw-oehringen.de\/wordpress\/wp-content\/uploads\/2025\/10\/postkarte-Winter-26_1-5-1024x727.jpg\" alt=\"\" class=\"wp-image-4580\" srcset=\"https:\/\/ejw-oehringen.de\/wordpress\/wp-content\/uploads\/2025\/10\/postkarte-Winter-26_1-5-1024x727.jpg 1024w, https:\/\/ejw-oehringen.de\/wordpress\/wp-content\/uploads\/2025\/10\/postkarte-Winter-26_1-5-300x213.jpg 300w, https:\/\/ejw-oehringen.de\/wordpress\/wp-content\/uploads\/2025\/10\/postkarte-Winter-26_1-5-768x545.jpg 768w, https:\/\/ejw-oehringen.de\/wordpress\/wp-content\/uploads\/2025\/10\/postkarte-Winter-26_1-5-1536x1090.jpg 1536w, https:\/\/ejw-oehringen.de\/wordpress\/wp-content\/uploads\/2025\/10\/postkarte-Winter-26_1-5-2048x1453.jpg 2048w, https:\/\/ejw-oehringen.de\/wordpress\/wp-content\/uploads\/2025\/10\/postkarte-Winter-26_1-5-211x150.jpg 211w, https:\/\/ejw-oehringen.de\/wordpress\/wp-content\/uploads\/2025\/10\/postkarte-Winter-26_1-5-150x106.jpg 150w, https:\/\/ejw-oehringen.de\/wordpress\/wp-content\/uploads\/2025\/10\/postkarte-Winter-26_1-5-1320x937.jpg 1320w\" sizes=\"auto, (max-width: 1024px) 100vw, 1024px\" \/><\/a><\/figure>\n<\/figure>\n\n\n\n<figure class=\"wp-block-image size-large\"><a href=\"https:\/\/ejw-oehringen.de\/wordpress\/wp-content\/uploads\/2025\/10\/postkarte-Winter-26_2-4.jpg\"><img loading=\"lazy\" decoding=\"async\" width=\"1024\" height=\"727\" src=\"https:\/\/ejw-oehringen.de\/wordpress\/wp-content\/uploads\/2025\/10\/postkarte-Winter-26_2-4-1024x727.jpg\" alt=\"\" class=\"wp-image-4581\" srcset=\"https:\/\/ejw-oehringen.de\/wordpress\/wp-content\/uploads\/2025\/10\/postkarte-Winter-26_2-4-1024x727.jpg 1024w, https:\/\/ejw-oehringen.de\/wordpress\/wp-content\/uploads\/2025\/10\/postkarte-Winter-26_2-4-300x213.jpg 300w, https:\/\/ejw-oehringen.de\/wordpress\/wp-content\/uploads\/2025\/10\/postkarte-Winter-26_2-4-768x545.jpg 768w, https:\/\/ejw-oehringen.de\/wordpress\/wp-content\/uploads\/2025\/10\/postkarte-Winter-26_2-4-1536x1090.jpg 1536w, https:\/\/ejw-oehringen.de\/wordpress\/wp-content\/uploads\/2025\/10\/postkarte-Winter-26_2-4-2048x1453.jpg 2048w, https:\/\/ejw-oehringen.de\/wordpress\/wp-content\/uploads\/2025\/10\/postkarte-Winter-26_2-4-211x150.jpg 211w, https:\/\/ejw-oehringen.de\/wordpress\/wp-content\/uploads\/2025\/10\/postkarte-Winter-26_2-4-150x106.jpg 150w, https:\/\/ejw-oehringen.de\/wordpress\/wp-content\/uploads\/2025\/10\/postkarte-Winter-26_2-4-1320x937.jpg 1320w\" sizes=\"auto, (max-width: 1024px) 100vw, 1024px\" \/><\/a><\/figure>\n\n\n\n<hr class=\"wp-block-separator has-alpha-channel-opacity\"\/>\n\n\n<h3 style=\"text-align: center;\"><strong><span style=\"color: #ff0000;\">Die Sommerfreizeit in Schweden ist schon ausgebucht, keine Anmeldung mehr m\u00f6glich.<\/span><\/strong><\/h3>\n\n<div class=\"wp-block-image\">\n<figure class=\"aligncenter size-large\"><a href=\"https:\/\/ejw-oehringen.de\/wordpress\/wp-content\/uploads\/2025\/12\/Sommer-Freizeiten-26-1.jpg\"><img loading=\"lazy\" decoding=\"async\" width=\"724\" height=\"1024\" src=\"https:\/\/ejw-oehringen.de\/wordpress\/wp-content\/uploads\/2025\/12\/Sommer-Freizeiten-26-1-724x1024.jpg\" alt=\"\" class=\"wp-image-4677\" srcset=\"https:\/\/ejw-oehringen.de\/wordpress\/wp-content\/uploads\/2025\/12\/Sommer-Freizeiten-26-1-724x1024.jpg 724w, https:\/\/ejw-oehringen.de\/wordpress\/wp-content\/uploads\/2025\/12\/Sommer-Freizeiten-26-1-212x300.jpg 212w, https:\/\/ejw-oehringen.de\/wordpress\/wp-content\/uploads\/2025\/12\/Sommer-Freizeiten-26-1-768x1086.jpg 768w, https:\/\/ejw-oehringen.de\/wordpress\/wp-content\/uploads\/2025\/12\/Sommer-Freizeiten-26-1-1086x1536.jpg 1086w, https:\/\/ejw-oehringen.de\/wordpress\/wp-content\/uploads\/2025\/12\/Sommer-Freizeiten-26-1-1448x2048.jpg 1448w, https:\/\/ejw-oehringen.de\/wordpress\/wp-content\/uploads\/2025\/12\/Sommer-Freizeiten-26-1-106x150.jpg 106w, https:\/\/ejw-oehringen.de\/wordpress\/wp-content\/uploads\/2025\/12\/Sommer-Freizeiten-26-1-1320x1867.jpg 1320w, https:\/\/ejw-oehringen.de\/wordpress\/wp-content\/uploads\/2025\/12\/Sommer-Freizeiten-26-1.jpg 1754w\" sizes=\"auto, (max-width: 724px) 100vw, 724px\" \/><\/a><\/figure>\n<\/div>\n\n\n<hr class=\"wp-block-separator has-alpha-channel-opacity\"\/>\n\n\n\n<p><\/p>\n\n\n\n<iframe src=\"https:\/\/ejoe-ejkuen.amosweb.de\/reg\/eventIFrame?id=167&amp;token=SPDpAFX9iel1e0VF5UO7552D4akJk1&amp;randomId=8dbb2449-eff2-489b-b7eb-6cf719f2987a\" id=\"events-iframe-8dbb2449-eff2-489b-b7eb-6cf719f2987a\" style=\"border: 0; width:100%; height: 0;\"><\/iframe><script>document.addEventListener(\"DOMContentLoaded\", function(event) { var iFrame = document.getElementById(\"events-iframe-8dbb2449-eff2-489b-b7eb-6cf719f2987a\"); var triggerOffset = 200; iFrame.src = iFrame.src+\"&\"+window.location.search.substr(1); listenToHeightChangeMessagesFromIFrame(); loadNextPagesUntilUserHasEnoughContentToScroll(); handleScrolling(); function listenToHeightChangeMessagesFromIFrame(){ window.addEventListener('message', function (event) { var message = event.data; if (message.source === \"events-iframe-8dbb2449-eff2-489b-b7eb-6cf719f2987a\" && message.height != null) iFrame.style.height = message.height + 'px'; }); } function loadNextPagesUntilUserHasEnoughContentToScroll(){ window.addEventListener('message', function (event) { var message = event.data; if (message.source === \"events-iframe-8dbb2449-eff2-489b-b7eb-6cf719f2987a\" && message.iFrameLoaded) { setInterval(() => { if (window.innerHeight >= document.body.clientHeight - triggerOffset) { requestMoreEvents(); } }, 1000) } }); } function handleScrolling(){ window.addEventListener(\"scroll\", function () { var bottomOfIFrameReached = window.innerHeight >= iFrame.getBoundingClientRect().bottom - triggerOffset; if (bottomOfIFrameReached) { requestMoreEvents(); } }) } function requestMoreEvents(){ iFrame.contentWindow.postMessage({loadMoreEvents: true, source: \"parent-events-window\"}, '*'); }});<\/script>\n","protected":false},"excerpt":{"rendered":"<p>Die Evangelischen Jugendwerke Bezirk \u00d6hringen und Bezirk K\u00fcnzelsau bieten zusammen Sommer- und Winterfreizeiten an. Auch im kommenden Jahr sind wieder tolle Freizeiten geplant!&nbsp; Wir w\u00fcnschen allen Winterfreizeiten einen wunderbaren Start sowie eine sch\u00f6ne und gesegnete Woche. Habt ganz viel Freude und eine sch\u00f6ne Zeit! Die Sommerfreizeit in Schweden ist schon\u2026 <a class=\"continue-reading-link\" href=\"https:\/\/ejw-oehringen.de\/wordpress\/arbeitsbereiche\/freizeiten\/\">Continue reading<\/a><\/p>\n","protected":false},"author":1,"featured_media":0,"parent":24,"menu_order":6,"comment_status":"closed","ping_status":"closed","template":"","meta":{"ngg_post_thumbnail":0,"footnotes":""},"class_list":["post-36","page","type-page","status-publish","hentry"],"_links":{"self":[{"href":"https:\/\/ejw-oehringen.de\/wordpress\/wp-json\/wp\/v2\/pages\/36","targetHints":{"allow":["GET"]}}],"collection":[{"href":"https:\/\/ejw-oehringen.de\/wordpress\/wp-json\/wp\/v2\/pages"}],"about":[{"href":"https:\/\/ejw-oehringen.de\/wordpress\/wp-json\/wp\/v2\/types\/page"}],"author":[{"embeddable":true,"href":"https:\/\/ejw-oehringen.de\/wordpress\/wp-json\/wp\/v2\/users\/1"}],"replies":[{"embeddable":true,"href":"https:\/\/ejw-oehringen.de\/wordpress\/wp-json\/wp\/v2\/comments?post=36"}],"version-history":[{"count":62,"href":"https:\/\/ejw-oehringen.de\/wordpress\/wp-json\/wp\/v2\/pages\/36\/revisions"}],"predecessor-version":[{"id":4782,"href":"https:\/\/ejw-oehringen.de\/wordpress\/wp-json\/wp\/v2\/pages\/36\/revisions\/4782"}],"up":[{"embeddable":true,"href":"https:\/\/ejw-oehringen.de\/wordpress\/wp-json\/wp\/v2\/pages\/24"}],"wp:attachment":[{"href":"https:\/\/ejw-oehringen.de\/wordpress\/wp-json\/wp\/v2\/media?parent=36"}],"curies":[{"name":"wp","href":"https:\/\/api.w.org\/{rel}","templated":true}]}}