{"id":3576,"date":"2022-10-30T18:58:36","date_gmt":"2022-10-30T17:58:36","guid":{"rendered":"https:\/\/ejw-oehringen.de\/wordpress\/?page_id=3576"},"modified":"2026-02-10T11:34:37","modified_gmt":"2026-02-10T10:34:37","slug":"schiedhuette","status":"publish","type":"page","link":"https:\/\/ejw-oehringen.de\/wordpress\/schiedhuette\/","title":{"rendered":"Schiedh\u00fctte"},"content":{"rendered":"\n<figure class=\"wp-block-image size-full is-style-default\"><a href=\"https:\/\/ejw-oehringen.de\/wordpress\/wp-content\/uploads\/2023\/08\/wp180811.jpg\"><img loading=\"lazy\" decoding=\"async\" width=\"453\" height=\"300\" src=\"https:\/\/ejw-oehringen.de\/wordpress\/wp-content\/uploads\/2023\/08\/wp180811.jpg\" alt=\"\" class=\"wp-image-3816\" srcset=\"https:\/\/ejw-oehringen.de\/wordpress\/wp-content\/uploads\/2023\/08\/wp180811.jpg 453w, https:\/\/ejw-oehringen.de\/wordpress\/wp-content\/uploads\/2023\/08\/wp180811-300x199.jpg 300w, https:\/\/ejw-oehringen.de\/wordpress\/wp-content\/uploads\/2023\/08\/wp180811-227x150.jpg 227w, https:\/\/ejw-oehringen.de\/wordpress\/wp-content\/uploads\/2023\/08\/wp180811-150x99.jpg 150w\" sizes=\"auto, (max-width: 453px) 100vw, 453px\" \/><\/a><\/figure>\n\n\n\n<p>Der Zeltlagerplatz des Evangelischen Jugendwerk befindet sich in Forchtenberg, oberhalb der Ruine:<\/p>\n\n\n\n<p>die <strong>Schiedh\u00fctte<\/strong>, Kupferberg, 74670 Forchtenberg<\/p>\n\n\n\n<p>Auf dem Gel\u00e4nde befindet sich das Selbstversorgerfreizeithaus, eine Feuerstelle, eine Kletterwand, Zeltplatz, Sport- und Rasenfl\u00e4chen<\/p>\n\n\n\n<figure class=\"wp-block-image size-large is-resized is-style-default\"><a href=\"https:\/\/ejw-oehringen.de\/wordpress\/wp-content\/uploads\/2022\/10\/2022-10-30-18_42_03-Window.png\"><img loading=\"lazy\" decoding=\"async\" width=\"1024\" height=\"777\" src=\"https:\/\/ejw-oehringen.de\/wordpress\/wp-content\/uploads\/2022\/10\/2022-10-30-18_42_03-Window-1024x777.png\" alt=\"\" class=\"wp-image-3579\" style=\"width:340px;height:258px\" srcset=\"https:\/\/ejw-oehringen.de\/wordpress\/wp-content\/uploads\/2022\/10\/2022-10-30-18_42_03-Window-1024x777.png 1024w, https:\/\/ejw-oehringen.de\/wordpress\/wp-content\/uploads\/2022\/10\/2022-10-30-18_42_03-Window-300x228.png 300w, https:\/\/ejw-oehringen.de\/wordpress\/wp-content\/uploads\/2022\/10\/2022-10-30-18_42_03-Window-768x583.png 768w, https:\/\/ejw-oehringen.de\/wordpress\/wp-content\/uploads\/2022\/10\/2022-10-30-18_42_03-Window-198x150.png 198w, https:\/\/ejw-oehringen.de\/wordpress\/wp-content\/uploads\/2022\/10\/2022-10-30-18_42_03-Window-150x114.png 150w, https:\/\/ejw-oehringen.de\/wordpress\/wp-content\/uploads\/2022\/10\/2022-10-30-18_42_03-Window.png 1042w\" sizes=\"auto, (max-width: 1024px) 100vw, 1024px\" \/><\/a><\/figure>\n\n\n\n<figure class=\"wp-block-gallery has-nested-images columns-default is-cropped wp-block-gallery-1 is-layout-flex wp-block-gallery-is-layout-flex\">\n<figure class=\"wp-block-image size-large is-style-default\"><a href=\"https:\/\/ejw-oehringen.de\/wordpress\/wp-content\/uploads\/2023\/08\/20190818_210303-scaled.jpg\"><img loading=\"lazy\" decoding=\"async\" width=\"1024\" height=\"768\" data-id=\"3818\" src=\"https:\/\/ejw-oehringen.de\/wordpress\/wp-content\/uploads\/2023\/08\/20190818_210303-1024x768.jpg\" alt=\"\" class=\"wp-image-3818\" srcset=\"https:\/\/ejw-oehringen.de\/wordpress\/wp-content\/uploads\/2023\/08\/20190818_210303-1024x768.jpg 1024w, https:\/\/ejw-oehringen.de\/wordpress\/wp-content\/uploads\/2023\/08\/20190818_210303-300x225.jpg 300w, https:\/\/ejw-oehringen.de\/wordpress\/wp-content\/uploads\/2023\/08\/20190818_210303-768x576.jpg 768w, https:\/\/ejw-oehringen.de\/wordpress\/wp-content\/uploads\/2023\/08\/20190818_210303-1536x1152.jpg 1536w, https:\/\/ejw-oehringen.de\/wordpress\/wp-content\/uploads\/2023\/08\/20190818_210303-2048x1536.jpg 2048w, https:\/\/ejw-oehringen.de\/wordpress\/wp-content\/uploads\/2023\/08\/20190818_210303-200x150.jpg 200w, https:\/\/ejw-oehringen.de\/wordpress\/wp-content\/uploads\/2023\/08\/20190818_210303-150x113.jpg 150w, https:\/\/ejw-oehringen.de\/wordpress\/wp-content\/uploads\/2023\/08\/20190818_210303-1320x990.jpg 1320w\" sizes=\"auto, (max-width: 1024px) 100vw, 1024px\" \/><\/a><\/figure>\n\n\n\n<figure class=\"wp-block-image size-large is-style-default\"><a href=\"https:\/\/ejw-oehringen.de\/wordpress\/wp-content\/uploads\/2023\/08\/20190819_142557-scaled.jpg\"><img loading=\"lazy\" decoding=\"async\" width=\"1024\" height=\"768\" data-id=\"3819\" src=\"https:\/\/ejw-oehringen.de\/wordpress\/wp-content\/uploads\/2023\/08\/20190819_142557-1024x768.jpg\" alt=\"\" class=\"wp-image-3819\" srcset=\"https:\/\/ejw-oehringen.de\/wordpress\/wp-content\/uploads\/2023\/08\/20190819_142557-1024x768.jpg 1024w, https:\/\/ejw-oehringen.de\/wordpress\/wp-content\/uploads\/2023\/08\/20190819_142557-300x225.jpg 300w, https:\/\/ejw-oehringen.de\/wordpress\/wp-content\/uploads\/2023\/08\/20190819_142557-768x576.jpg 768w, https:\/\/ejw-oehringen.de\/wordpress\/wp-content\/uploads\/2023\/08\/20190819_142557-1536x1152.jpg 1536w, https:\/\/ejw-oehringen.de\/wordpress\/wp-content\/uploads\/2023\/08\/20190819_142557-2048x1536.jpg 2048w, https:\/\/ejw-oehringen.de\/wordpress\/wp-content\/uploads\/2023\/08\/20190819_142557-200x150.jpg 200w, https:\/\/ejw-oehringen.de\/wordpress\/wp-content\/uploads\/2023\/08\/20190819_142557-150x113.jpg 150w, https:\/\/ejw-oehringen.de\/wordpress\/wp-content\/uploads\/2023\/08\/20190819_142557-1320x990.jpg 1320w\" sizes=\"auto, (max-width: 1024px) 100vw, 1024px\" \/><\/a><\/figure>\n\n\n\n<figure class=\"wp-block-image size-large is-style-default\"><a href=\"https:\/\/ejw-oehringen.de\/wordpress\/wp-content\/uploads\/2023\/08\/20190820_082615-scaled.jpg\"><img loading=\"lazy\" decoding=\"async\" width=\"1024\" height=\"768\" data-id=\"3823\" src=\"https:\/\/ejw-oehringen.de\/wordpress\/wp-content\/uploads\/2023\/08\/20190820_082615-1024x768.jpg\" alt=\"\" class=\"wp-image-3823\" srcset=\"https:\/\/ejw-oehringen.de\/wordpress\/wp-content\/uploads\/2023\/08\/20190820_082615-1024x768.jpg 1024w, https:\/\/ejw-oehringen.de\/wordpress\/wp-content\/uploads\/2023\/08\/20190820_082615-300x225.jpg 300w, https:\/\/ejw-oehringen.de\/wordpress\/wp-content\/uploads\/2023\/08\/20190820_082615-768x576.jpg 768w, https:\/\/ejw-oehringen.de\/wordpress\/wp-content\/uploads\/2023\/08\/20190820_082615-1536x1152.jpg 1536w, https:\/\/ejw-oehringen.de\/wordpress\/wp-content\/uploads\/2023\/08\/20190820_082615-2048x1536.jpg 2048w, https:\/\/ejw-oehringen.de\/wordpress\/wp-content\/uploads\/2023\/08\/20190820_082615-200x150.jpg 200w, https:\/\/ejw-oehringen.de\/wordpress\/wp-content\/uploads\/2023\/08\/20190820_082615-150x113.jpg 150w, https:\/\/ejw-oehringen.de\/wordpress\/wp-content\/uploads\/2023\/08\/20190820_082615-1320x990.jpg 1320w\" sizes=\"auto, (max-width: 1024px) 100vw, 1024px\" \/><\/a><\/figure>\n\n\n\n<figure class=\"wp-block-image size-large is-style-default\"><a href=\"https:\/\/ejw-oehringen.de\/wordpress\/wp-content\/uploads\/2023\/08\/20190820_202923-scaled.jpg\"><img loading=\"lazy\" decoding=\"async\" width=\"1024\" height=\"768\" data-id=\"3820\" src=\"https:\/\/ejw-oehringen.de\/wordpress\/wp-content\/uploads\/2023\/08\/20190820_202923-1024x768.jpg\" alt=\"\" class=\"wp-image-3820\" srcset=\"https:\/\/ejw-oehringen.de\/wordpress\/wp-content\/uploads\/2023\/08\/20190820_202923-1024x768.jpg 1024w, https:\/\/ejw-oehringen.de\/wordpress\/wp-content\/uploads\/2023\/08\/20190820_202923-300x225.jpg 300w, https:\/\/ejw-oehringen.de\/wordpress\/wp-content\/uploads\/2023\/08\/20190820_202923-768x576.jpg 768w, https:\/\/ejw-oehringen.de\/wordpress\/wp-content\/uploads\/2023\/08\/20190820_202923-1536x1152.jpg 1536w, https:\/\/ejw-oehringen.de\/wordpress\/wp-content\/uploads\/2023\/08\/20190820_202923-2048x1536.jpg 2048w, https:\/\/ejw-oehringen.de\/wordpress\/wp-content\/uploads\/2023\/08\/20190820_202923-200x150.jpg 200w, https:\/\/ejw-oehringen.de\/wordpress\/wp-content\/uploads\/2023\/08\/20190820_202923-150x113.jpg 150w, https:\/\/ejw-oehringen.de\/wordpress\/wp-content\/uploads\/2023\/08\/20190820_202923-1320x990.jpg 1320w\" sizes=\"auto, (max-width: 1024px) 100vw, 1024px\" \/><\/a><\/figure>\n\n\n\n<figure class=\"wp-block-image size-large is-style-default\"><a href=\"https:\/\/ejw-oehringen.de\/wordpress\/wp-content\/uploads\/2023\/08\/20190822_102712-scaled.jpg\"><img loading=\"lazy\" decoding=\"async\" width=\"1024\" height=\"768\" data-id=\"3822\" src=\"https:\/\/ejw-oehringen.de\/wordpress\/wp-content\/uploads\/2023\/08\/20190822_102712-1024x768.jpg\" alt=\"\" class=\"wp-image-3822\" srcset=\"https:\/\/ejw-oehringen.de\/wordpress\/wp-content\/uploads\/2023\/08\/20190822_102712-1024x768.jpg 1024w, https:\/\/ejw-oehringen.de\/wordpress\/wp-content\/uploads\/2023\/08\/20190822_102712-300x225.jpg 300w, https:\/\/ejw-oehringen.de\/wordpress\/wp-content\/uploads\/2023\/08\/20190822_102712-768x576.jpg 768w, https:\/\/ejw-oehringen.de\/wordpress\/wp-content\/uploads\/2023\/08\/20190822_102712-1536x1152.jpg 1536w, https:\/\/ejw-oehringen.de\/wordpress\/wp-content\/uploads\/2023\/08\/20190822_102712-2048x1536.jpg 2048w, https:\/\/ejw-oehringen.de\/wordpress\/wp-content\/uploads\/2023\/08\/20190822_102712-200x150.jpg 200w, https:\/\/ejw-oehringen.de\/wordpress\/wp-content\/uploads\/2023\/08\/20190822_102712-150x113.jpg 150w, https:\/\/ejw-oehringen.de\/wordpress\/wp-content\/uploads\/2023\/08\/20190822_102712-1320x990.jpg 1320w\" sizes=\"auto, (max-width: 1024px) 100vw, 1024px\" \/><\/a><\/figure>\n\n\n\n<figure class=\"wp-block-image size-large is-style-default\"><a href=\"https:\/\/ejw-oehringen.de\/wordpress\/wp-content\/uploads\/2023\/08\/20190822_103506-scaled.jpg\"><img loading=\"lazy\" decoding=\"async\" width=\"1024\" height=\"768\" data-id=\"3821\" src=\"https:\/\/ejw-oehringen.de\/wordpress\/wp-content\/uploads\/2023\/08\/20190822_103506-1024x768.jpg\" alt=\"\" class=\"wp-image-3821\" srcset=\"https:\/\/ejw-oehringen.de\/wordpress\/wp-content\/uploads\/2023\/08\/20190822_103506-1024x768.jpg 1024w, https:\/\/ejw-oehringen.de\/wordpress\/wp-content\/uploads\/2023\/08\/20190822_103506-300x225.jpg 300w, https:\/\/ejw-oehringen.de\/wordpress\/wp-content\/uploads\/2023\/08\/20190822_103506-768x576.jpg 768w, https:\/\/ejw-oehringen.de\/wordpress\/wp-content\/uploads\/2023\/08\/20190822_103506-1536x1152.jpg 1536w, https:\/\/ejw-oehringen.de\/wordpress\/wp-content\/uploads\/2023\/08\/20190822_103506-2048x1536.jpg 2048w, https:\/\/ejw-oehringen.de\/wordpress\/wp-content\/uploads\/2023\/08\/20190822_103506-200x150.jpg 200w, https:\/\/ejw-oehringen.de\/wordpress\/wp-content\/uploads\/2023\/08\/20190822_103506-150x113.jpg 150w, https:\/\/ejw-oehringen.de\/wordpress\/wp-content\/uploads\/2023\/08\/20190822_103506-1320x990.jpg 1320w\" sizes=\"auto, (max-width: 1024px) 100vw, 1024px\" \/><\/a><\/figure>\n\n\n\n<figure class=\"wp-block-image size-large is-style-default\"><a href=\"https:\/\/ejw-oehringen.de\/wordpress\/wp-content\/uploads\/2023\/08\/20190822_151557-scaled.jpg\"><img loading=\"lazy\" decoding=\"async\" width=\"1024\" height=\"768\" data-id=\"3825\" src=\"https:\/\/ejw-oehringen.de\/wordpress\/wp-content\/uploads\/2023\/08\/20190822_151557-1024x768.jpg\" alt=\"\" class=\"wp-image-3825\" srcset=\"https:\/\/ejw-oehringen.de\/wordpress\/wp-content\/uploads\/2023\/08\/20190822_151557-1024x768.jpg 1024w, https:\/\/ejw-oehringen.de\/wordpress\/wp-content\/uploads\/2023\/08\/20190822_151557-300x225.jpg 300w, https:\/\/ejw-oehringen.de\/wordpress\/wp-content\/uploads\/2023\/08\/20190822_151557-768x576.jpg 768w, https:\/\/ejw-oehringen.de\/wordpress\/wp-content\/uploads\/2023\/08\/20190822_151557-1536x1152.jpg 1536w, https:\/\/ejw-oehringen.de\/wordpress\/wp-content\/uploads\/2023\/08\/20190822_151557-2048x1536.jpg 2048w, https:\/\/ejw-oehringen.de\/wordpress\/wp-content\/uploads\/2023\/08\/20190822_151557-200x150.jpg 200w, https:\/\/ejw-oehringen.de\/wordpress\/wp-content\/uploads\/2023\/08\/20190822_151557-150x113.jpg 150w, https:\/\/ejw-oehringen.de\/wordpress\/wp-content\/uploads\/2023\/08\/20190822_151557-1320x990.jpg 1320w\" sizes=\"auto, (max-width: 1024px) 100vw, 1024px\" \/><\/a><\/figure>\n\n\n\n<figure class=\"wp-block-image size-large is-style-default\"><a href=\"https:\/\/ejw-oehringen.de\/wordpress\/wp-content\/uploads\/2023\/08\/20190822_151614-scaled.jpg\"><img loading=\"lazy\" decoding=\"async\" width=\"1024\" height=\"768\" data-id=\"3824\" src=\"https:\/\/ejw-oehringen.de\/wordpress\/wp-content\/uploads\/2023\/08\/20190822_151614-1024x768.jpg\" alt=\"\" class=\"wp-image-3824\" srcset=\"https:\/\/ejw-oehringen.de\/wordpress\/wp-content\/uploads\/2023\/08\/20190822_151614-1024x768.jpg 1024w, https:\/\/ejw-oehringen.de\/wordpress\/wp-content\/uploads\/2023\/08\/20190822_151614-300x225.jpg 300w, https:\/\/ejw-oehringen.de\/wordpress\/wp-content\/uploads\/2023\/08\/20190822_151614-768x576.jpg 768w, https:\/\/ejw-oehringen.de\/wordpress\/wp-content\/uploads\/2023\/08\/20190822_151614-1536x1152.jpg 1536w, https:\/\/ejw-oehringen.de\/wordpress\/wp-content\/uploads\/2023\/08\/20190822_151614-2048x1536.jpg 2048w, https:\/\/ejw-oehringen.de\/wordpress\/wp-content\/uploads\/2023\/08\/20190822_151614-200x150.jpg 200w, https:\/\/ejw-oehringen.de\/wordpress\/wp-content\/uploads\/2023\/08\/20190822_151614-150x113.jpg 150w, https:\/\/ejw-oehringen.de\/wordpress\/wp-content\/uploads\/2023\/08\/20190822_151614-1320x990.jpg 1320w\" sizes=\"auto, (max-width: 1024px) 100vw, 1024px\" \/><\/a><\/figure>\n\n\n\n<figure class=\"wp-block-image size-large is-style-default\"><a href=\"https:\/\/ejw-oehringen.de\/wordpress\/wp-content\/uploads\/2023\/08\/img05204_190824IntJSLSchied3_FrankLutz.jpg\"><img loading=\"lazy\" decoding=\"async\" width=\"1024\" height=\"678\" data-id=\"3827\" src=\"https:\/\/ejw-oehringen.de\/wordpress\/wp-content\/uploads\/2023\/08\/img05204_190824IntJSLSchied3_FrankLutz-1024x678.jpg\" alt=\"\" class=\"wp-image-3827\" srcset=\"https:\/\/ejw-oehringen.de\/wordpress\/wp-content\/uploads\/2023\/08\/img05204_190824IntJSLSchied3_FrankLutz-1024x678.jpg 1024w, https:\/\/ejw-oehringen.de\/wordpress\/wp-content\/uploads\/2023\/08\/img05204_190824IntJSLSchied3_FrankLutz-300x199.jpg 300w, https:\/\/ejw-oehringen.de\/wordpress\/wp-content\/uploads\/2023\/08\/img05204_190824IntJSLSchied3_FrankLutz-768x509.jpg 768w, https:\/\/ejw-oehringen.de\/wordpress\/wp-content\/uploads\/2023\/08\/img05204_190824IntJSLSchied3_FrankLutz-1536x1017.jpg 1536w, https:\/\/ejw-oehringen.de\/wordpress\/wp-content\/uploads\/2023\/08\/img05204_190824IntJSLSchied3_FrankLutz-2048x1356.jpg 2048w, https:\/\/ejw-oehringen.de\/wordpress\/wp-content\/uploads\/2023\/08\/img05204_190824IntJSLSchied3_FrankLutz-226x150.jpg 226w, https:\/\/ejw-oehringen.de\/wordpress\/wp-content\/uploads\/2023\/08\/img05204_190824IntJSLSchied3_FrankLutz-150x99.jpg 150w, https:\/\/ejw-oehringen.de\/wordpress\/wp-content\/uploads\/2023\/08\/img05204_190824IntJSLSchied3_FrankLutz-1320x874.jpg 1320w\" sizes=\"auto, (max-width: 1024px) 100vw, 1024px\" \/><\/a><\/figure>\n<\/figure>\n\n\n\n<p>Wenn ihr mit eurer Gruppe die Schiedh\u00fctte nutzen wollt, fragt bei unseren <strong>Platzwarten<\/strong> an:<br>Dominik Walter, 0176\/55501483, <a href=\"mailto:dominik.wa@gmx.de\">dominik.wa@gmx.de<\/a><br>Markus Hoffmann, 0152\/03151608, <a href=\"mailto:markushoff@gmx.de\">markushoff@gmx.de<\/a><\/p>\n\n\n\n<p><a href=\"https:\/\/ejw-oehringen.de\/wordpress\/wp-content\/uploads\/2023\/09\/2023-04-OrdnungSchiedhuette.pdf\">Nutzungsordnung<\/a><\/p>\n\n\n\n<h2 class=\"wp-block-heading\">Kletterwand<\/h2>\n\n\n\n<figure class=\"wp-block-gallery has-nested-images columns-default is-cropped wp-block-gallery-2 is-layout-flex wp-block-gallery-is-layout-flex\">\n<figure class=\"wp-block-image size-large is-style-default\"><a href=\"https:\/\/ejw-oehringen.de\/wordpress\/wp-content\/uploads\/2022\/10\/IMG-20180716-WA0001.jpg\"><img loading=\"lazy\" decoding=\"async\" width=\"768\" height=\"1024\" data-id=\"3580\" src=\"https:\/\/ejw-oehringen.de\/wordpress\/wp-content\/uploads\/2022\/10\/IMG-20180716-WA0001-768x1024.jpg\" alt=\"\" class=\"wp-image-3580\" srcset=\"https:\/\/ejw-oehringen.de\/wordpress\/wp-content\/uploads\/2022\/10\/IMG-20180716-WA0001-768x1024.jpg 768w, https:\/\/ejw-oehringen.de\/wordpress\/wp-content\/uploads\/2022\/10\/IMG-20180716-WA0001-225x300.jpg 225w, https:\/\/ejw-oehringen.de\/wordpress\/wp-content\/uploads\/2022\/10\/IMG-20180716-WA0001-1152x1536.jpg 1152w, https:\/\/ejw-oehringen.de\/wordpress\/wp-content\/uploads\/2022\/10\/IMG-20180716-WA0001-113x150.jpg 113w, https:\/\/ejw-oehringen.de\/wordpress\/wp-content\/uploads\/2022\/10\/IMG-20180716-WA0001.jpg 1200w\" sizes=\"auto, (max-width: 768px) 100vw, 768px\" \/><\/a><\/figure>\n\n\n\n<figure class=\"wp-block-image size-large is-style-default\"><a href=\"https:\/\/ejw-oehringen.de\/wordpress\/wp-content\/uploads\/2022\/10\/20190525_150401-scaled.jpg\"><img loading=\"lazy\" decoding=\"async\" width=\"1024\" height=\"768\" data-id=\"3581\" src=\"https:\/\/ejw-oehringen.de\/wordpress\/wp-content\/uploads\/2022\/10\/20190525_150401-1024x768.jpg\" alt=\"\" class=\"wp-image-3581\" srcset=\"https:\/\/ejw-oehringen.de\/wordpress\/wp-content\/uploads\/2022\/10\/20190525_150401-1024x768.jpg 1024w, https:\/\/ejw-oehringen.de\/wordpress\/wp-content\/uploads\/2022\/10\/20190525_150401-300x225.jpg 300w, https:\/\/ejw-oehringen.de\/wordpress\/wp-content\/uploads\/2022\/10\/20190525_150401-768x576.jpg 768w, https:\/\/ejw-oehringen.de\/wordpress\/wp-content\/uploads\/2022\/10\/20190525_150401-1536x1152.jpg 1536w, https:\/\/ejw-oehringen.de\/wordpress\/wp-content\/uploads\/2022\/10\/20190525_150401-2048x1536.jpg 2048w, https:\/\/ejw-oehringen.de\/wordpress\/wp-content\/uploads\/2022\/10\/20190525_150401-200x150.jpg 200w, https:\/\/ejw-oehringen.de\/wordpress\/wp-content\/uploads\/2022\/10\/20190525_150401-150x113.jpg 150w, https:\/\/ejw-oehringen.de\/wordpress\/wp-content\/uploads\/2022\/10\/20190525_150401-1320x990.jpg 1320w\" sizes=\"auto, (max-width: 1024px) 100vw, 1024px\" \/><\/a><\/figure>\n\n\n\n<figure class=\"wp-block-image size-large is-style-default\"><a href=\"https:\/\/ejw-oehringen.de\/wordpress\/wp-content\/uploads\/2022\/10\/20190525_152244-scaled.jpg\"><img loading=\"lazy\" decoding=\"async\" width=\"1024\" height=\"768\" data-id=\"3582\" src=\"https:\/\/ejw-oehringen.de\/wordpress\/wp-content\/uploads\/2022\/10\/20190525_152244-1024x768.jpg\" alt=\"\" class=\"wp-image-3582\" srcset=\"https:\/\/ejw-oehringen.de\/wordpress\/wp-content\/uploads\/2022\/10\/20190525_152244-1024x768.jpg 1024w, https:\/\/ejw-oehringen.de\/wordpress\/wp-content\/uploads\/2022\/10\/20190525_152244-300x225.jpg 300w, https:\/\/ejw-oehringen.de\/wordpress\/wp-content\/uploads\/2022\/10\/20190525_152244-768x576.jpg 768w, https:\/\/ejw-oehringen.de\/wordpress\/wp-content\/uploads\/2022\/10\/20190525_152244-1536x1152.jpg 1536w, https:\/\/ejw-oehringen.de\/wordpress\/wp-content\/uploads\/2022\/10\/20190525_152244-2048x1536.jpg 2048w, https:\/\/ejw-oehringen.de\/wordpress\/wp-content\/uploads\/2022\/10\/20190525_152244-200x150.jpg 200w, https:\/\/ejw-oehringen.de\/wordpress\/wp-content\/uploads\/2022\/10\/20190525_152244-150x113.jpg 150w, https:\/\/ejw-oehringen.de\/wordpress\/wp-content\/uploads\/2022\/10\/20190525_152244-1320x990.jpg 1320w\" sizes=\"auto, (max-width: 1024px) 100vw, 1024px\" \/><\/a><\/figure>\n\n\n\n<figure class=\"wp-block-image size-large is-style-default\"><a href=\"https:\/\/ejw-oehringen.de\/wordpress\/wp-content\/uploads\/2022\/10\/20190525_152409-scaled.jpg\"><img loading=\"lazy\" decoding=\"async\" width=\"1024\" height=\"768\" data-id=\"3583\" src=\"https:\/\/ejw-oehringen.de\/wordpress\/wp-content\/uploads\/2022\/10\/20190525_152409-1024x768.jpg\" alt=\"\" class=\"wp-image-3583\" srcset=\"https:\/\/ejw-oehringen.de\/wordpress\/wp-content\/uploads\/2022\/10\/20190525_152409-1024x768.jpg 1024w, https:\/\/ejw-oehringen.de\/wordpress\/wp-content\/uploads\/2022\/10\/20190525_152409-300x225.jpg 300w, https:\/\/ejw-oehringen.de\/wordpress\/wp-content\/uploads\/2022\/10\/20190525_152409-768x576.jpg 768w, https:\/\/ejw-oehringen.de\/wordpress\/wp-content\/uploads\/2022\/10\/20190525_152409-1536x1152.jpg 1536w, https:\/\/ejw-oehringen.de\/wordpress\/wp-content\/uploads\/2022\/10\/20190525_152409-2048x1536.jpg 2048w, https:\/\/ejw-oehringen.de\/wordpress\/wp-content\/uploads\/2022\/10\/20190525_152409-200x150.jpg 200w, https:\/\/ejw-oehringen.de\/wordpress\/wp-content\/uploads\/2022\/10\/20190525_152409-150x113.jpg 150w, https:\/\/ejw-oehringen.de\/wordpress\/wp-content\/uploads\/2022\/10\/20190525_152409-1320x990.jpg 1320w\" sizes=\"auto, (max-width: 1024px) 100vw, 1024px\" \/><\/a><\/figure>\n<\/figure>\n\n\n\n<h2 class=\"wp-block-heading\">Anfahrt<\/h2>\n\n\n\n<figure class=\"wp-block-image size-full is-style-default\"><a href=\"https:\/\/ejw-oehringen.de\/wordpress\/wp-content\/uploads\/2022\/10\/2022-10-30-18_40_14-Window.png\"><img loading=\"lazy\" decoding=\"async\" width=\"983\" height=\"765\" src=\"https:\/\/ejw-oehringen.de\/wordpress\/wp-content\/uploads\/2022\/10\/2022-10-30-18_40_14-Window.png\" alt=\"\" class=\"wp-image-3584\" srcset=\"https:\/\/ejw-oehringen.de\/wordpress\/wp-content\/uploads\/2022\/10\/2022-10-30-18_40_14-Window.png 983w, https:\/\/ejw-oehringen.de\/wordpress\/wp-content\/uploads\/2022\/10\/2022-10-30-18_40_14-Window-300x233.png 300w, https:\/\/ejw-oehringen.de\/wordpress\/wp-content\/uploads\/2022\/10\/2022-10-30-18_40_14-Window-768x598.png 768w, https:\/\/ejw-oehringen.de\/wordpress\/wp-content\/uploads\/2022\/10\/2022-10-30-18_40_14-Window-193x150.png 193w, https:\/\/ejw-oehringen.de\/wordpress\/wp-content\/uploads\/2022\/10\/2022-10-30-18_40_14-Window-150x117.png 150w\" sizes=\"auto, (max-width: 983px) 100vw, 983px\" \/><\/a><\/figure>\n\n\n\n<figure class=\"wp-block-image size-large is-style-default\"><a href=\"https:\/\/ejw-oehringen.de\/wordpress\/wp-content\/uploads\/2022\/10\/2022-10-30-18_53_12-Window.png\"><img loading=\"lazy\" decoding=\"async\" width=\"1024\" height=\"581\" src=\"https:\/\/ejw-oehringen.de\/wordpress\/wp-content\/uploads\/2022\/10\/2022-10-30-18_53_12-Window-1024x581.png\" alt=\"\" class=\"wp-image-3585\" srcset=\"https:\/\/ejw-oehringen.de\/wordpress\/wp-content\/uploads\/2022\/10\/2022-10-30-18_53_12-Window-1024x581.png 1024w, https:\/\/ejw-oehringen.de\/wordpress\/wp-content\/uploads\/2022\/10\/2022-10-30-18_53_12-Window-300x170.png 300w, https:\/\/ejw-oehringen.de\/wordpress\/wp-content\/uploads\/2022\/10\/2022-10-30-18_53_12-Window-768x436.png 768w, https:\/\/ejw-oehringen.de\/wordpress\/wp-content\/uploads\/2022\/10\/2022-10-30-18_53_12-Window-250x142.png 250w, https:\/\/ejw-oehringen.de\/wordpress\/wp-content\/uploads\/2022\/10\/2022-10-30-18_53_12-Window-150x85.png 150w, https:\/\/ejw-oehringen.de\/wordpress\/wp-content\/uploads\/2022\/10\/2022-10-30-18_53_12-Window.png 1112w\" sizes=\"auto, (max-width: 1024px) 100vw, 1024px\" \/><\/a><\/figure>\n","protected":false},"excerpt":{"rendered":"<p>Der Zeltlagerplatz des Evangelischen Jugendwerk befindet sich in Forchtenberg, oberhalb der Ruine: die Schiedh\u00fctte, Kupferberg, 74670 Forchtenberg Auf dem Gel\u00e4nde befindet sich das Selbstversorgerfreizeithaus, eine Feuerstelle, eine Kletterwand, Zeltplatz, Sport- und Rasenfl\u00e4chen Wenn ihr mit eurer Gruppe die Schiedh\u00fctte nutzen wollt, fragt bei unseren Platzwarten an:Dominik Walter, 0176\/55501483, dominik.wa@gmx.deMarkus Hoffmann,\u2026 <a class=\"continue-reading-link\" href=\"https:\/\/ejw-oehringen.de\/wordpress\/schiedhuette\/\">Continue reading<\/a><\/p>\n","protected":false},"author":1,"featured_media":0,"parent":0,"menu_order":0,"comment_status":"closed","ping_status":"closed","template":"","meta":{"ngg_post_thumbnail":0,"footnotes":""},"class_list":["post-3576","page","type-page","status-publish","hentry"],"_links":{"self":[{"href":"https:\/\/ejw-oehringen.de\/wordpress\/wp-json\/wp\/v2\/pages\/3576","targetHints":{"allow":["GET"]}}],"collection":[{"href":"https:\/\/ejw-oehringen.de\/wordpress\/wp-json\/wp\/v2\/pages"}],"about":[{"href":"https:\/\/ejw-oehringen.de\/wordpress\/wp-json\/wp\/v2\/types\/page"}],"author":[{"embeddable":true,"href":"https:\/\/ejw-oehringen.de\/wordpress\/wp-json\/wp\/v2\/users\/1"}],"replies":[{"embeddable":true,"href":"https:\/\/ejw-oehringen.de\/wordpress\/wp-json\/wp\/v2\/comments?post=3576"}],"version-history":[{"count":6,"href":"https:\/\/ejw-oehringen.de\/wordpress\/wp-json\/wp\/v2\/pages\/3576\/revisions"}],"predecessor-version":[{"id":4738,"href":"https:\/\/ejw-oehringen.de\/wordpress\/wp-json\/wp\/v2\/pages\/3576\/revisions\/4738"}],"wp:attachment":[{"href":"https:\/\/ejw-oehringen.de\/wordpress\/wp-json\/wp\/v2\/media?parent=3576"}],"curies":[{"name":"wp","href":"https:\/\/api.w.org\/{rel}","templated":true}]}}