{"id":2369,"date":"2020-05-01T13:14:17","date_gmt":"2020-05-01T11:14:17","guid":{"rendered":"https:\/\/ejw-oehringen.de\/wordpress\/?page_id=2369"},"modified":"2026-02-10T11:48:23","modified_gmt":"2026-02-10T10:48:23","slug":"spenden","status":"publish","type":"page","link":"https:\/\/ejw-oehringen.de\/wordpress\/spenden\/","title":{"rendered":"Spenden"},"content":{"rendered":"\n<p>Wir vom Evangelischen Jugenwerk Bezirk \u00d6hringen sind dankbar f\u00fcr die M\u00f6glichkeiten f\u00fcr Kinder und Jugendliche in unserer Region Hohenlohe im Kirchenbezirk \u00d6hringen aktiv zu sein.<br>Unsere Arbeitsbereiche Sommer- und Winterfreizeiten, Mitarbeiterbildung, Jugendgottesdienste, Get Connected, Organisation von Fahrten zu Veranstaltungen, Jungscharevents, internationale Jugendarbeit, Nagelkreuzgemeinschaft, Praktikum, europ\u00e4ische Freiwillige, FSJ sind die Bausteine unserer Jugendarbeit.<\/p>\n\n\n\n<figure class=\"wp-block-image size-full\"><a href=\"https:\/\/ejw-oehringen.de\/wordpress\/wp-content\/uploads\/2026\/02\/Danke.jpg\"><img loading=\"lazy\" decoding=\"async\" width=\"935\" height=\"283\" src=\"https:\/\/ejw-oehringen.de\/wordpress\/wp-content\/uploads\/2026\/02\/Danke.jpg\" alt=\"\" class=\"wp-image-4742\" srcset=\"https:\/\/ejw-oehringen.de\/wordpress\/wp-content\/uploads\/2026\/02\/Danke.jpg 935w, https:\/\/ejw-oehringen.de\/wordpress\/wp-content\/uploads\/2026\/02\/Danke-300x91.jpg 300w, https:\/\/ejw-oehringen.de\/wordpress\/wp-content\/uploads\/2026\/02\/Danke-768x232.jpg 768w, https:\/\/ejw-oehringen.de\/wordpress\/wp-content\/uploads\/2026\/02\/Danke-250x76.jpg 250w, https:\/\/ejw-oehringen.de\/wordpress\/wp-content\/uploads\/2026\/02\/Danke-150x45.jpg 150w\" sizes=\"auto, (max-width: 935px) 100vw, 935px\" \/><\/a><\/figure>\n\n\n\n<p><strong>Konto<\/strong> <br>Evangelisches Jugendwerk Bezirk \u00d6hringen<br>Volksbank Hohenlohe<br>IBAN: DE65 6209 1800 0106 1560 04<br>BIC: GENODES1VHL<br><strong>Betreff: Spende Jugendarbeit <\/strong>  <\/p>\n\n\n\n<hr class=\"wp-block-separator has-alpha-channel-opacity\"\/>\n\n\n\n<figure class=\"wp-block-image size-large\"><a href=\"https:\/\/ejw-oehringen.de\/wordpress\/wp-content\/uploads\/2026\/02\/Spenden.jpg\"><img loading=\"lazy\" decoding=\"async\" width=\"726\" height=\"1024\" src=\"https:\/\/ejw-oehringen.de\/wordpress\/wp-content\/uploads\/2026\/02\/Spenden-726x1024.jpg\" alt=\"\" class=\"wp-image-4739\" srcset=\"https:\/\/ejw-oehringen.de\/wordpress\/wp-content\/uploads\/2026\/02\/Spenden-726x1024.jpg 726w, https:\/\/ejw-oehringen.de\/wordpress\/wp-content\/uploads\/2026\/02\/Spenden-213x300.jpg 213w, https:\/\/ejw-oehringen.de\/wordpress\/wp-content\/uploads\/2026\/02\/Spenden-768x1083.jpg 768w, https:\/\/ejw-oehringen.de\/wordpress\/wp-content\/uploads\/2026\/02\/Spenden-1090x1536.jpg 1090w, https:\/\/ejw-oehringen.de\/wordpress\/wp-content\/uploads\/2026\/02\/Spenden-106x150.jpg 106w, https:\/\/ejw-oehringen.de\/wordpress\/wp-content\/uploads\/2026\/02\/Spenden.jpg 1240w\" sizes=\"auto, (max-width: 726px) 100vw, 726px\" \/><\/a><\/figure>\n\n\n\n<hr class=\"wp-block-separator has-alpha-channel-opacity\"\/>\n\n\n\n<p><strong>Jetzt spenden f\u00fcr \u201eEvangelisches Jugendwerk Bezirk \u00d6hringen\u201c auf betterplace.org!<\/strong><\/p>\n\n\n\n<figure class=\"wp-block-image\"><a href=\"https:\/\/www.betterplace.org\/de\/projects\/147150-evangelisches-jugendwerk-bezirk-oehringen?utm_campaign=donate_btn&amp;utm_content=project%23147150&amp;utm_medium=external_banner&amp;utm_source=projects\" target=\"_blank\" rel=\"noreferrer noopener\"><img decoding=\"async\" src=\"https:\/\/betterplace-assets.betterplace.org\/static-images\/projects\/donation-button-de.png\" alt=\"Jetzt Spenden! Das Spendenformular wird von betterplace.org bereit gestellt.\"\/><\/a><\/figure>\n\n\n\n<hr class=\"wp-block-separator has-css-opacity\"\/>\n\n\n\n<p><iframe loading=\"lazy\" marginheight=\"0\" marginwidth=\"0\" src=\"https:\/\/www.betterplace-widget.org\/projects\/115624?l=de&amp;client=nussbaum\" style=\"border: 0; padding:0; margin:0;\" width=\"100%\" height=\"320\" frameborder=\"0\">Informieren und spenden: <a href='https:\/\/nussbaum.engagementportal.de\/projects\/115624' target='_blank' rel=\"noopener\">\u201eFoodtruck &#8211; mobile Jugendarbeit\u201c<\/a> auf betterplace.org \u00f6ffnen.<\/iframe><\/p>\n\n\n\n<hr class=\"wp-block-separator has-alpha-channel-opacity\"\/>\n\n\n\n<script type=\"text\/javascript\">\n  \/* Configure at https:\/\/www.betterplace.org\/de\/manage\/projects\/147150-evangelisches-jugendwerk-bezirk-oehringen\/iframe_donation_form\/new *\/\n  var _bp_iframe        = _bp_iframe || {};\n  _bp_iframe.project_id = 147150; \/* REQUIRED *\/\n  _bp_iframe.lang       = 'de'; \/* Language of the form *\/\n  _bp_iframe.width = 600; \/* Custom iframe-tag-width, integer *\/\n  _bp_iframe.color = '6c9c2e'; \/* Button and banderole color, hex without \"#\" *\/\n  _bp_iframe.background_color = 'ffffff'; \/* Background-color, hex without \"#\" *\/\n  _bp_iframe.default_amount = 50; \/* Donation-amount, integer 1-99 *\/\n  _bp_iframe.recurring_interval = 'single'; \/* Interval for recurring donations, string out of single, monthly und yearly *\/\n  _bp_iframe.bottom_logo = true;\n  (function() {\n    var bp = document.createElement('script'); bp.type = 'text\/javascript'; bp.async = true;\n    bp.src = 'https:\/\/betterplace-assets.betterplace.org\/assets\/load_donation_iframe.js';\n    var s = document.getElementsByTagName('script')[0]; s.parentNode.insertBefore(bp, s);\n  })();\n<\/script>\n<div id=\"betterplace_donation_iframe\" style=\"background: transparent url('https:\/\/www.betterplace.org\/assets\/new_spinner.gif') 275px 20px no-repeat;\"><strong><a href=\"https:\/\/www.betterplace.org\/de\/donate\/platform\/projects\/147150-evangelisches-jugendwerk-bezirk-oehringen\">Jetzt Spenden f\u00fcr \u201eEvangelisches Jugendwerk Bezirk \u00d6hringen\u201c bei unserem Partner betterplace.org<\/a><\/strong><\/div>\n","protected":false},"excerpt":{"rendered":"<p>Wir vom Evangelischen Jugenwerk Bezirk \u00d6hringen sind dankbar f\u00fcr die M\u00f6glichkeiten f\u00fcr Kinder und Jugendliche in unserer Region Hohenlohe im Kirchenbezirk \u00d6hringen aktiv zu sein.Unsere Arbeitsbereiche Sommer- und Winterfreizeiten, Mitarbeiterbildung, Jugendgottesdienste, Get Connected, Organisation von Fahrten zu Veranstaltungen, Jungscharevents, internationale Jugendarbeit, Nagelkreuzgemeinschaft, Praktikum, europ\u00e4ische Freiwillige, FSJ sind die Bausteine unserer\u2026 <a class=\"continue-reading-link\" href=\"https:\/\/ejw-oehringen.de\/wordpress\/spenden\/\">Continue reading<\/a><\/p>\n","protected":false},"author":1,"featured_media":0,"parent":0,"menu_order":0,"comment_status":"closed","ping_status":"closed","template":"","meta":{"ngg_post_thumbnail":0,"footnotes":""},"class_list":["post-2369","page","type-page","status-publish","hentry"],"_links":{"self":[{"href":"https:\/\/ejw-oehringen.de\/wordpress\/wp-json\/wp\/v2\/pages\/2369","targetHints":{"allow":["GET"]}}],"collection":[{"href":"https:\/\/ejw-oehringen.de\/wordpress\/wp-json\/wp\/v2\/pages"}],"about":[{"href":"https:\/\/ejw-oehringen.de\/wordpress\/wp-json\/wp\/v2\/types\/page"}],"author":[{"embeddable":true,"href":"https:\/\/ejw-oehringen.de\/wordpress\/wp-json\/wp\/v2\/users\/1"}],"replies":[{"embeddable":true,"href":"https:\/\/ejw-oehringen.de\/wordpress\/wp-json\/wp\/v2\/comments?post=2369"}],"version-history":[{"count":24,"href":"https:\/\/ejw-oehringen.de\/wordpress\/wp-json\/wp\/v2\/pages\/2369\/revisions"}],"predecessor-version":[{"id":4743,"href":"https:\/\/ejw-oehringen.de\/wordpress\/wp-json\/wp\/v2\/pages\/2369\/revisions\/4743"}],"wp:attachment":[{"href":"https:\/\/ejw-oehringen.de\/wordpress\/wp-json\/wp\/v2\/media?parent=2369"}],"curies":[{"name":"wp","href":"https:\/\/api.w.org\/{rel}","templated":true}]}}